{"id":582,"date":"2022-03-08T23:12:42","date_gmt":"2022-03-08T23:12:42","guid":{"rendered":"https:\/\/www.hongkonger-in-deutschland.org\/?page_id=582"},"modified":"2025-06-10T19:14:00","modified_gmt":"2025-06-10T19:14:00","slug":"nachrichten","status":"publish","type":"page","link":"https:\/\/www.hongkonger-in-deutschland.org\/index.php\/nachrichten\/","title":{"rendered":"Presse"},"content":{"rendered":"<div class=\"boldgrid-section\">\n<div class=\"container\">\n<div class=\"row\">\n<div class=\"col-lg-12 col-md-12 col-xs-12 col-sm-12\">\n<p class=\"\"><\/p>\n<\/div>\n<\/div>\n<\/div>\n<\/div>\n<div class=\"boldgrid-section\">\n<div class=\"container\">\n<div class=\"row\">\n<div class=\"col-md-12 col-xs-12 col-sm-12 col-lg-12\">\n<p class=\"\">&nbsp;<\/p>\n<\/div>\n<\/div>\n<\/div>\n<\/div>\n<div class=\"boldgrid-section\">\n<div class=\"container\">\n<div class=\"row\">\n<div class=\"col-md-12 col-xs-12 col-sm-12 col-lg-12\">\n<p class=\"\" style=\"text-align: center;\">Bitte auf <a href=\"https:\/\/www.hongkonger-in-deutschland.org\/index.php\/zh\/news_zh\/\">HIER<\/a> anklicken, um die Nachrichten auf Chinesisch zu lesen,&nbsp;<\/p>\n<\/div>\n<\/div>\n<\/div>\n<\/div>\n<div class=\"boldgrid-section color4-background-color color-4-text-contrast bg-background-color\">\n<div class=\"container\">\n<div class=\"row\" style=\"padding-top: 49px; padding-bottom: 0px;\">\n<div class=\"col-md-12 col-xs-12 col-sm-12 col-lg-12\"><\/div>\n<p>&nbsp;<\/p>\n<\/div>\n<\/div>\n<\/div>\n<div class=\"tmpl-blog-11 boldgrid-section dynamic-gridblock\" style=\"background-image: linear-gradient(to left, #eeeeee, #eeeeee);\" data-bg-color-1=\"#EEEEEE\" data-bg-color-2=\"#EEEEEE\" data-bg-direction=\"to left\">\n<div class=\"container\">\n<div class=\"row\">\n<div class=\"col-md-12 col-sm-12 col-xs-12 col-lg-12\">\n<div class=\"row\" style=\"padding-bottom: 30px;\">\n<div class=\"col-md-3 col-sm-2 col-xs-4 align-column-center col-lg-3\">\n<h2 style=\"text-align: center;\">&nbsp;<\/h2>\n<\/div>\n<div class=\"col-md-9 col-sm-10 col-xs-8 col-lg-9\">\n<div><img loading=\"lazy\" decoding=\"async\" class=\"alignleft\" style=\"outline-color: transparent !important;\" src=\"https:\/\/cdn.prod.website-files.com\/661866c37a8ea71204c8f3c3\/6841c5e6ca1228f40517478f_Berlin%20June%204th%202025(1).JPG\" alt=\"\" width=\"205\" height=\"154\"><\/p>\n<h1 class=\"heading-12\">Die Stadt und das Freiheitsgen<\/h1>\n<p>Aniessa Andresen ist ganz zufrieden, eigentlich sogar positiv \u00fcberrascht. Am Mittwoch abend hat sie gemeinsam mit etwa 30 anderen Hongkongern eine Mahnwache anl\u00e4sslich des Jahrestages des Tiananmen-Massakers auf dem Frankfurter R\u00f6merberg abgehalten. Eine \u00e4hnlich gro\u00dfe Anzahl hat in Berlin, D\u00fcsseldorf, Stuttgart und M\u00fcnchen an den brutalen \u00dcbergriff auf friedliche Demonstranten in Peking vor 36 Jahren erinnert.&nbsp; &nbsp;<a href=\"https:\/\/www.diplo.news\/articles\/die-stadt-und-das-freiheitsgen\">Mehr&#8230;<\/a><\/p>\n<p>&nbsp;<\/p>\n<\/div>\n<\/div>\n<\/div>\n<div class=\"row\" style=\"padding-bottom: 30px;\">\n<div class=\"col-md-3 col-sm-2 col-xs-4 align-column-center col-lg-3\">\n<h2 style=\"text-align: center;\">&nbsp;<\/h2>\n<\/div>\n<div class=\"col-md-9 col-sm-10 col-xs-8 col-lg-9\">\n<div>\n<h2 class=\"color4-color\"><span style=\"color: #000000;\">Hongkong: Magerer Mindestlohn bedroht sozialen Frieden<\/span><\/h2>\n<p>Die Erh\u00f6hung des Mindestlohns in Hongkong soll helfen, den sozialen Frieden in der Stadt zu wahren. Die Lebenskosten sind hier so hoch wie fast nirgendwo sonst in der Welt. Kritiker bem\u00e4ngeln Klientelpolitik und f\u00fcrchten mehr Sozialf\u00e4lle. &nbsp;&nbsp;<a href=\"https:\/\/table.media\/china\/analyse\/hongkong-magerer-mindestlohn-bedroht-sozialen-frieden\/\">Mehr&#8230;<\/a><\/p>\n<p>&nbsp;<\/p>\n<\/div>\n<\/div>\n<\/div>\n<div class=\"row\" style=\"padding-bottom: 30px;\">\n<div class=\"col-md-3 col-sm-2 col-xs-4 align-column-center col-lg-3\">\n<h2 style=\"text-align: center;\">&nbsp;<\/h2>\n<\/div>\n<div class=\"col-md-9 col-sm-10 col-xs-8 col-lg-9\">\n<div>\n<h2 class=\"color4-color\"><span style=\"color: #000000;\">Lady of Liberty in Frankfurt<\/span><\/h2>\n<p>Civil rights activists have displayed a symbolic remnant of the Hong Kong protest movement in Frankfurt. The association, Hongkonger in Germany, presented the severed head of the Lady of Liberty on Saturday. The statue symbolizes a demonstrator wearing a hard hat, goggles and a gas mask.&nbsp;&nbsp;<a href=\"https:\/\/table.media\/china\/en\/news\/lady-of-liberty-in-frankfurt\/\">Mehr&#8230;<\/a><\/p>\n<p>&nbsp;<\/p>\n<\/div>\n<\/div>\n<\/div>\n<div class=\"row\" style=\"padding-bottom: 30px;\">\n<div class=\"col-md-3 col-sm-2 col-xs-4 align-column-center col-lg-3\">\n<div>\n<h2 style=\"text-align: center;\">&nbsp;<\/h2>\n<\/div>\n<\/div>\n<div class=\"col-md-9 col-sm-10 col-xs-8 col-lg-9\">\n<div>\n<h2 class=\"color4-color\"><span style=\"color: #000000;\">Fast 300 B\u00fcrger setzen Zeichen der Solidarit\u00e4t mit Menschen in Ukraine<\/span><\/h2>\n<p class=\"\">Obwohl nur kurzfristig angesetzt, waren es am Freitagnachmittag doch 280 B\u00fcrger, die an der Menschenkette als Zeichen der Solidarit\u00e4t f\u00fcr die Ukraine und besonders die Furtwanger Partnerstadt Wylkowe auf dem Marktplatz teilnahmen.&nbsp; <a href=\"https:\/\/www.schwarzwaelder-bote.de\/gallery.menschenkette-in-furtwangen-fast-300-buerger-setzen-ein-zeichen-der-solidaritaet-mit-den-menschen-in-der-ukraine.470c57ae-24f9-455c-8ae0-64e11175caf2.html\">Mehr&#8230;<\/a><\/p>\n<p>&nbsp;<\/p>\n<\/div>\n<\/div>\n<\/div>\n<div class=\"row\" style=\"padding-bottom: 30px;\">\n<div class=\"col-md-3 col-sm-2 col-xs-4 align-column-center col-lg-3\">\n<div>\n<h2 style=\"text-align: center;\">&nbsp;<\/h2>\n<\/div>\n<\/div>\n<div class=\"col-md-9 col-sm-10 col-xs-8 col-lg-9\">\n<div>\n<h2>Arbeitsgemeinschaft will Kriegsopfer unterst\u00fctzen<\/h2>\n<p class=\"\">Die Bereitschaft in Furtwangen ist gro\u00df, in diesen Kriegszeiten der Ukraine zu helfen, insbesondere in Wylkowe, der Partnerstadt Furtwangens. <a href=\"https:\/\/www.schwarzwaelder-bote.de\/inhalt.hilfe-fuer-die-ukraine-arbeitsgemeinschaft-will-kriegsopfer-unterstuetzen.01d38a6d-b592-45c1-ae63-2521573e7ba0.html\">Mehr&#8230;<\/a><\/p>\n<\/div>\n<\/div>\n<\/div>\n<div class=\"row\">\n<div class=\"col-md-3 col-sm-2 col-xs-4 align-column-center col-lg-3\">\n<div>\n<p class=\"\" style=\"text-align: center;\">&nbsp;<\/p>\n<\/div>\n<\/div>\n<div class=\"col-md-9 col-sm-10 col-xs-8 col-lg-9\">\n<div>\n<h2 class=\"color4-color\"><span style=\"color: #000000;\">Hongkonger fertigen Masken f\u00fcr das Obere Bregtal<\/span><\/h2>\n<p class=\"\">Selbstlose Hilfe wird von Menschen aus Hongkong gew\u00e4hrt. Das Ehepaar Anisa und Michael Andresen sowie Angelica Wong \u00fcbergaben j\u00fcngst auf dem Platz der evangelischen Melanchton-Kirche Mundschutzmasken an das Heim Fischerhof und das Otto-Hahn-Gymnasium (OHG). <a href=\"https:\/\/www.schwarzwaelder-bote.de\/inhalt.furtwangen-hongkonger-fertigen-masken-fuer-das-obere-bregtal.3aa849be-7134-4b48-bd9e-dc26a8f1b2e0.html\">Mehr&#8230;<\/a><\/p>\n<\/div>\n<\/div>\n<\/div>\n<\/div>\n<\/div>\n<div class=\"row\" style=\"padding-top: 49px; padding-bottom: 0px;\">\n<div class=\"col-md-12 col-xs-12 col-sm-12 col-lg-12\"><\/div>\n<\/div>\n<\/div>\n<\/div>\n","protected":false},"excerpt":{"rendered":"<p>&nbsp; Bitte auf HIER anklicken, um die Nachrichten auf Chinesisch zu lesen,&nbsp; &nbsp; &nbsp; Die Stadt und das Freiheitsgen Aniessa Andresen ist ganz zufrieden, eigentlich sogar positiv \u00fcberrascht. Am Mittwoch abend hat sie gemeinsam mit etwa 30 anderen Hongkongern eine Mahnwache anl\u00e4sslich des Jahrestages des Tiananmen-Massakers auf dem Frankfurter R\u00f6merberg abgehalten. Eine \u00e4hnlich gro\u00dfe Anzahl &#8230; <a title=\"Presse\" class=\"read-more\" href=\"https:\/\/www.hongkonger-in-deutschland.org\/index.php\/nachrichten\/\" aria-label=\"Mehr Informationen \u00fcber Presse\">Weiterlesen<\/a><\/p>\n","protected":false},"author":2,"featured_media":0,"parent":0,"menu_order":0,"comment_status":"closed","ping_status":"closed","template":"template\/page\/fullwidth.php","meta":{"ngg_post_thumbnail":0,"footnotes":""},"class_list":["post-582","page","type-page","status-publish"],"yoast_head":"<!-- This site is optimized with the Yoast SEO plugin v27.0 - https:\/\/yoast.com\/product\/yoast-seo-wordpress\/ -->\n<title>Presse - Hongkonger in Deutschland e. V.<\/title>\n<meta name=\"robots\" content=\"index, follow, max-snippet:-1, max-image-preview:large, max-video-preview:-1\" \/>\n<link rel=\"canonical\" href=\"https:\/\/www.hongkonger-in-deutschland.org\/index.php\/nachrichten\/\" \/>\n<meta property=\"og:locale\" content=\"de_DE\" \/>\n<meta property=\"og:type\" content=\"article\" \/>\n<meta property=\"og:title\" content=\"Presse - Hongkonger in Deutschland e. V.\" \/>\n<meta property=\"og:description\" content=\"&nbsp; Bitte auf HIER anklicken, um die Nachrichten auf Chinesisch zu lesen,&nbsp; &nbsp; &nbsp; Die Stadt und das Freiheitsgen Aniessa Andresen ist ganz zufrieden, eigentlich sogar positiv \u00fcberrascht. Am Mittwoch abend hat sie gemeinsam mit etwa 30 anderen Hongkongern eine Mahnwache anl\u00e4sslich des Jahrestages des Tiananmen-Massakers auf dem Frankfurter R\u00f6merberg abgehalten. Eine \u00e4hnlich gro\u00dfe Anzahl ... Weiterlesen\" \/>\n<meta property=\"og:url\" content=\"https:\/\/www.hongkonger-in-deutschland.org\/index.php\/nachrichten\/\" \/>\n<meta property=\"og:site_name\" content=\"Hongkonger in Deutschland e. V.\" \/>\n<meta property=\"article:modified_time\" content=\"2025-06-10T19:14:00+00:00\" \/>\n<meta property=\"og:image\" content=\"https:\/\/cdn.prod.website-files.com\/661866c37a8ea71204c8f3c3\/6841c5e6ca1228f40517478f_Berlin%20June%204th%202025(1).JPG\" \/>\n<meta name=\"twitter:card\" content=\"summary_large_image\" \/>\n<meta name=\"twitter:label1\" content=\"Gesch\u00e4tzte Lesezeit\" \/>\n\t<meta name=\"twitter:data1\" content=\"2\u00a0Minuten\" \/>\n<script type=\"application\/ld+json\" class=\"yoast-schema-graph\">{\"@context\":\"https:\/\/schema.org\",\"@graph\":[{\"@type\":\"WebPage\",\"@id\":\"https:\/\/www.hongkonger-in-deutschland.org\/index.php\/nachrichten\/\",\"url\":\"https:\/\/www.hongkonger-in-deutschland.org\/index.php\/nachrichten\/\",\"name\":\"Presse - Hongkonger in Deutschland e. V.\",\"isPartOf\":{\"@id\":\"https:\/\/www.hongkonger-in-deutschland.org\/#website\"},\"primaryImageOfPage\":{\"@id\":\"https:\/\/www.hongkonger-in-deutschland.org\/index.php\/nachrichten\/#primaryimage\"},\"image\":{\"@id\":\"https:\/\/www.hongkonger-in-deutschland.org\/index.php\/nachrichten\/#primaryimage\"},\"thumbnailUrl\":\"https:\/\/cdn.prod.website-files.com\/661866c37a8ea71204c8f3c3\/6841c5e6ca1228f40517478f_Berlin%20June%204th%202025(1).JPG\",\"datePublished\":\"2022-03-08T23:12:42+00:00\",\"dateModified\":\"2025-06-10T19:14:00+00:00\",\"breadcrumb\":{\"@id\":\"https:\/\/www.hongkonger-in-deutschland.org\/index.php\/nachrichten\/#breadcrumb\"},\"inLanguage\":\"de\",\"potentialAction\":[{\"@type\":\"ReadAction\",\"target\":[\"https:\/\/www.hongkonger-in-deutschland.org\/index.php\/nachrichten\/\"]}]},{\"@type\":\"ImageObject\",\"inLanguage\":\"de\",\"@id\":\"https:\/\/www.hongkonger-in-deutschland.org\/index.php\/nachrichten\/#primaryimage\",\"url\":\"https:\/\/cdn.prod.website-files.com\/661866c37a8ea71204c8f3c3\/6841c5e6ca1228f40517478f_Berlin%20June%204th%202025(1).JPG\",\"contentUrl\":\"https:\/\/cdn.prod.website-files.com\/661866c37a8ea71204c8f3c3\/6841c5e6ca1228f40517478f_Berlin%20June%204th%202025(1).JPG\"},{\"@type\":\"BreadcrumbList\",\"@id\":\"https:\/\/www.hongkonger-in-deutschland.org\/index.php\/nachrichten\/#breadcrumb\",\"itemListElement\":[{\"@type\":\"ListItem\",\"position\":1,\"name\":\"Home\",\"item\":\"https:\/\/www.hongkonger-in-deutschland.org\/\"},{\"@type\":\"ListItem\",\"position\":2,\"name\":\"Presse\"}]},{\"@type\":\"WebSite\",\"@id\":\"https:\/\/www.hongkonger-in-deutschland.org\/#website\",\"url\":\"https:\/\/www.hongkonger-in-deutschland.org\/\",\"name\":\"Hongkonger in Deutschland e. V.\",\"description\":\"A Bridge between Hong Kong and Germany\",\"publisher\":{\"@id\":\"https:\/\/www.hongkonger-in-deutschland.org\/#organization\"},\"potentialAction\":[{\"@type\":\"SearchAction\",\"target\":{\"@type\":\"EntryPoint\",\"urlTemplate\":\"https:\/\/www.hongkonger-in-deutschland.org\/?s={search_term_string}\"},\"query-input\":{\"@type\":\"PropertyValueSpecification\",\"valueRequired\":true,\"valueName\":\"search_term_string\"}}],\"inLanguage\":\"de\"},{\"@type\":\"Organization\",\"@id\":\"https:\/\/www.hongkonger-in-deutschland.org\/#organization\",\"name\":\"Hongkonger in Deutschland e. V.\",\"url\":\"https:\/\/www.hongkonger-in-deutschland.org\/\",\"logo\":{\"@type\":\"ImageObject\",\"inLanguage\":\"de\",\"@id\":\"https:\/\/www.hongkonger-in-deutschland.org\/#\/schema\/logo\/image\/\",\"url\":\"https:\/\/www.hongkonger-in-deutschland.org\/wp-content\/uploads\/2022\/01\/cropped-cropped-logo_no_text.png\",\"contentUrl\":\"https:\/\/www.hongkonger-in-deutschland.org\/wp-content\/uploads\/2022\/01\/cropped-cropped-logo_no_text.png\",\"width\":512,\"height\":512,\"caption\":\"Hongkonger in Deutschland e. V.\"},\"image\":{\"@id\":\"https:\/\/www.hongkonger-in-deutschland.org\/#\/schema\/logo\/image\/\"}}]}<\/script>\n<!-- \/ Yoast SEO plugin. -->","yoast_head_json":{"title":"Presse - Hongkonger in Deutschland e. V.","robots":{"index":"index","follow":"follow","max-snippet":"max-snippet:-1","max-image-preview":"max-image-preview:large","max-video-preview":"max-video-preview:-1"},"canonical":"https:\/\/www.hongkonger-in-deutschland.org\/index.php\/nachrichten\/","og_locale":"de_DE","og_type":"article","og_title":"Presse - Hongkonger in Deutschland e. V.","og_description":"&nbsp; Bitte auf HIER anklicken, um die Nachrichten auf Chinesisch zu lesen,&nbsp; &nbsp; &nbsp; Die Stadt und das Freiheitsgen Aniessa Andresen ist ganz zufrieden, eigentlich sogar positiv \u00fcberrascht. Am Mittwoch abend hat sie gemeinsam mit etwa 30 anderen Hongkongern eine Mahnwache anl\u00e4sslich des Jahrestages des Tiananmen-Massakers auf dem Frankfurter R\u00f6merberg abgehalten. Eine \u00e4hnlich gro\u00dfe Anzahl ... Weiterlesen","og_url":"https:\/\/www.hongkonger-in-deutschland.org\/index.php\/nachrichten\/","og_site_name":"Hongkonger in Deutschland e. V.","article_modified_time":"2025-06-10T19:14:00+00:00","og_image":[{"url":"https:\/\/cdn.prod.website-files.com\/661866c37a8ea71204c8f3c3\/6841c5e6ca1228f40517478f_Berlin%20June%204th%202025(1).JPG","type":"","width":"","height":""}],"twitter_card":"summary_large_image","twitter_misc":{"Gesch\u00e4tzte Lesezeit":"2\u00a0Minuten"},"schema":{"@context":"https:\/\/schema.org","@graph":[{"@type":"WebPage","@id":"https:\/\/www.hongkonger-in-deutschland.org\/index.php\/nachrichten\/","url":"https:\/\/www.hongkonger-in-deutschland.org\/index.php\/nachrichten\/","name":"Presse - Hongkonger in Deutschland e. V.","isPartOf":{"@id":"https:\/\/www.hongkonger-in-deutschland.org\/#website"},"primaryImageOfPage":{"@id":"https:\/\/www.hongkonger-in-deutschland.org\/index.php\/nachrichten\/#primaryimage"},"image":{"@id":"https:\/\/www.hongkonger-in-deutschland.org\/index.php\/nachrichten\/#primaryimage"},"thumbnailUrl":"https:\/\/cdn.prod.website-files.com\/661866c37a8ea71204c8f3c3\/6841c5e6ca1228f40517478f_Berlin%20June%204th%202025(1).JPG","datePublished":"2022-03-08T23:12:42+00:00","dateModified":"2025-06-10T19:14:00+00:00","breadcrumb":{"@id":"https:\/\/www.hongkonger-in-deutschland.org\/index.php\/nachrichten\/#breadcrumb"},"inLanguage":"de","potentialAction":[{"@type":"ReadAction","target":["https:\/\/www.hongkonger-in-deutschland.org\/index.php\/nachrichten\/"]}]},{"@type":"ImageObject","inLanguage":"de","@id":"https:\/\/www.hongkonger-in-deutschland.org\/index.php\/nachrichten\/#primaryimage","url":"https:\/\/cdn.prod.website-files.com\/661866c37a8ea71204c8f3c3\/6841c5e6ca1228f40517478f_Berlin%20June%204th%202025(1).JPG","contentUrl":"https:\/\/cdn.prod.website-files.com\/661866c37a8ea71204c8f3c3\/6841c5e6ca1228f40517478f_Berlin%20June%204th%202025(1).JPG"},{"@type":"BreadcrumbList","@id":"https:\/\/www.hongkonger-in-deutschland.org\/index.php\/nachrichten\/#breadcrumb","itemListElement":[{"@type":"ListItem","position":1,"name":"Home","item":"https:\/\/www.hongkonger-in-deutschland.org\/"},{"@type":"ListItem","position":2,"name":"Presse"}]},{"@type":"WebSite","@id":"https:\/\/www.hongkonger-in-deutschland.org\/#website","url":"https:\/\/www.hongkonger-in-deutschland.org\/","name":"Hongkonger in Deutschland e. V.","description":"A Bridge between Hong Kong and Germany","publisher":{"@id":"https:\/\/www.hongkonger-in-deutschland.org\/#organization"},"potentialAction":[{"@type":"SearchAction","target":{"@type":"EntryPoint","urlTemplate":"https:\/\/www.hongkonger-in-deutschland.org\/?s={search_term_string}"},"query-input":{"@type":"PropertyValueSpecification","valueRequired":true,"valueName":"search_term_string"}}],"inLanguage":"de"},{"@type":"Organization","@id":"https:\/\/www.hongkonger-in-deutschland.org\/#organization","name":"Hongkonger in Deutschland e. V.","url":"https:\/\/www.hongkonger-in-deutschland.org\/","logo":{"@type":"ImageObject","inLanguage":"de","@id":"https:\/\/www.hongkonger-in-deutschland.org\/#\/schema\/logo\/image\/","url":"https:\/\/www.hongkonger-in-deutschland.org\/wp-content\/uploads\/2022\/01\/cropped-cropped-logo_no_text.png","contentUrl":"https:\/\/www.hongkonger-in-deutschland.org\/wp-content\/uploads\/2022\/01\/cropped-cropped-logo_no_text.png","width":512,"height":512,"caption":"Hongkonger in Deutschland e. V."},"image":{"@id":"https:\/\/www.hongkonger-in-deutschland.org\/#\/schema\/logo\/image\/"}}]}},"_links":{"self":[{"href":"https:\/\/www.hongkonger-in-deutschland.org\/index.php\/wp-json\/wp\/v2\/pages\/582","targetHints":{"allow":["GET"]}}],"collection":[{"href":"https:\/\/www.hongkonger-in-deutschland.org\/index.php\/wp-json\/wp\/v2\/pages"}],"about":[{"href":"https:\/\/www.hongkonger-in-deutschland.org\/index.php\/wp-json\/wp\/v2\/types\/page"}],"author":[{"embeddable":true,"href":"https:\/\/www.hongkonger-in-deutschland.org\/index.php\/wp-json\/wp\/v2\/users\/2"}],"replies":[{"embeddable":true,"href":"https:\/\/www.hongkonger-in-deutschland.org\/index.php\/wp-json\/wp\/v2\/comments?post=582"}],"version-history":[{"count":15,"href":"https:\/\/www.hongkonger-in-deutschland.org\/index.php\/wp-json\/wp\/v2\/pages\/582\/revisions"}],"predecessor-version":[{"id":1143,"href":"https:\/\/www.hongkonger-in-deutschland.org\/index.php\/wp-json\/wp\/v2\/pages\/582\/revisions\/1143"}],"wp:attachment":[{"href":"https:\/\/www.hongkonger-in-deutschland.org\/index.php\/wp-json\/wp\/v2\/media?parent=582"}],"curies":[{"name":"wp","href":"https:\/\/api.w.org\/{rel}","templated":true}]}}