{"id":539,"date":"2022-01-15T09:59:41","date_gmt":"2022-01-15T09:59:41","guid":{"rendered":"https:\/\/www.hongkonger-in-deutschland.org\/?page_id=539"},"modified":"2025-02-18T09:22:35","modified_gmt":"2025-02-18T09:22:35","slug":"kanton","status":"publish","type":"page","link":"https:\/\/www.hongkonger-in-deutschland.org\/index.php\/kanton\/","title":{"rendered":"Kantonesisch lernen"},"content":{"rendered":"<div class=\"color4-background-color color-4-text-contrast bg-background-color tmpl-services-9 boldgrid-section dynamic-gridblock\">\n<div class=\"container\">\n<div class=\"row\" style=\"padding-top: 42px;\">\n<div class=\"col-md-6 col-sm-8 col-xs-12 align-column-bottom col-lg-6\">\n<h2 class=\"\">Kantonesischkurs<\/h2>\n<\/div>\n<div class=\"col-md-6 col-sm-4 col-xs-12 align-column-bottom col-lg-6\"><\/div>\n<\/div>\n<div class=\"row\" style=\"padding-bottom: 42px;\">\n<div class=\"col-md-10 col-sm-4 col-xs-12 col-lg-10\">\n<h4 class=\"\">Aktuelle Kurse<\/h4>\n<p class=\"\"><iframe loading=\"lazy\" style=\"border: none; overflow: hidden;\" src=\"https:\/\/www.facebook.com\/plugins\/video.php?height=476&amp;href=https%3A%2F%2Fwww.facebook.com%2Fhkerinde%2Fvideos%2F592711423467377%2F&amp;show_text=false&amp;width=476&amp;t=0\" width=\"476\" height=\"476\" frameborder=\"0\" scrolling=\"no\" allowfullscreen=\"allowfullscreen\"><\/iframe><\/p>\n<div class=\"x11i5rnm xat24cr x1mh8g0r x1vvkbs xtlvy1s\">\n<div dir=\"auto\">\u65b0\u5e74\u5feb\u6a02 (san1 nin4 faai3 lok6)! Ab Februar bieten wir Kantonesischkurse f\u00fcr Erwachsene wieder an! Wenn ihr die Sprache der&nbsp;<span class=\"html-span xdj266r x11i5rnm xat24cr x1mh8g0r xexx8yu x4uap5 x18d9i69 xkhd6sd x1hl2dhg x16tdsg8 x1vvkbs\"><a class=\"x1i10hfl xjbqb8w x1ejq31n xd10rxx x1sy0etr x17r0tee x972fbf xcfux6l x1qhh985 xm0m39n x9f619 x1ypdohk xt0psk2 xe8uvvx xdj266r x11i5rnm xat24cr x1mh8g0r xexx8yu x4uap5 x18d9i69 xkhd6sd x16tdsg8 x1hl2dhg xggy1nq x1a2a7pz x1sur9pj xkrqix3 xzsf02u x1s688f\" tabindex=\"0\" role=\"link\" href=\"https:\/\/www.facebook.com\/watch\/hashtag\/hongkonger?__eep__=6%2F&amp;__tn__=*NK\">#Hongkonger<\/a><\/span>&nbsp;und unsere Kultur kennen lernen wollt, meldet euch f\u00fcr unsere Onlinekurse an!<\/div>\n<\/div>\n<div class=\"x11i5rnm xat24cr x1mh8g0r x1vvkbs xtlvy1s\">\n<div dir=\"auto\"><\/div>\n<div dir=\"auto\">Kantonesischkurs 1 (ohne&nbsp;Vorkenntnisse)<\/div>\n<\/div>\n<div class=\"x11i5rnm xat24cr x1mh8g0r x1vvkbs xtlvy1s\">\n<div dir=\"auto\">Kursbeginn: 13. Februar 2025<\/div>\n<div dir=\"auto\">Kursdauer: 8 Wochen, immer donnerstags<\/div>\n<div dir=\"auto\">Kurszeiten: 19.30 \u2013 21.00 Uhr<\/div>\n<div dir=\"auto\">Geb\u00fchren: 116 Euro*<\/div>\n<\/div>\n<div class=\"x11i5rnm xat24cr x1mh8g0r x1vvkbs xtlvy1s\">\n<div dir=\"auto\"><\/div>\n<div dir=\"auto\">Kantonesischkurs 2<\/div>\n<\/div>\n<div class=\"x11i5rnm xat24cr x1mh8g0r x1vvkbs xtlvy1s\">\n<div dir=\"auto\">Kursbeginn: 11. Februar 2025<\/div>\n<div dir=\"auto\">Kursdauer: 8 Wochen, immer dienstags<\/div>\n<div dir=\"auto\">Kurszeiten: 19.30 \u2013 21.00 Uhr<\/div>\n<div dir=\"auto\">Geb\u00fchren: 128 Euro*<\/div>\n<\/div>\n<div class=\"x11i5rnm xat24cr x1mh8g0r x1vvkbs xtlvy1s\">\n<div dir=\"auto\">* halber Preis f\u00fcr Mitglieder; jetzt Mitglied werden:&nbsp;<span class=\"html-span xdj266r x11i5rnm xat24cr x1mh8g0r xexx8yu x4uap5 x18d9i69 xkhd6sd x1hl2dhg x16tdsg8 x1vvkbs\"><a class=\"x1i10hfl xjbqb8w x1ejq31n xd10rxx x1sy0etr x17r0tee x972fbf xcfux6l x1qhh985 xm0m39n x9f619 x1ypdohk xt0psk2 xe8uvvx xdj266r x11i5rnm xat24cr x1mh8g0r xexx8yu x4uap5 x18d9i69 xkhd6sd x16tdsg8 x1hl2dhg xggy1nq x1a2a7pz x1sur9pj xkrqix3 x1fey0fg x1s688f\" tabindex=\"0\" role=\"link\" href=\"https:\/\/www.hongkonger-in-deutschland.org\/index.php\/mitglieder-werden\/?fbclid=IwZXh0bgNhZW0CMTAAAR2w_pvtg3xIk4Pp64iASDTSZNcprnXP-dFv-2aJiVl8dPGz2RTj-M6x34I_aem_H-B5JOpLmtkXSnXTIB9Umw\" target=\"_blank\" rel=\"nofollow noopener noreferrer\">https:\/\/www.hongkonger-in-deutschland.org\/&#8230;\/mitglieder&#8230;\/<\/a><\/span><\/div>\n<\/div>\n<div class=\"x11i5rnm xat24cr x1mh8g0r x1vvkbs xtlvy1s\">\n<div dir=\"auto\"><\/div>\n<div dir=\"auto\">Format: Online-Unterricht<\/div>\n<div dir=\"auto\">Kursgr\u00f6\u00dfe: 10 Personen<\/div>\n<div dir=\"auto\">Unterrichtssprachen: Deutsch und Kantonesisch<\/div>\n<\/div>\n<div class=\"x11i5rnm xat24cr x1mh8g0r x1vvkbs xtlvy1s\">\n<div dir=\"auto\"><\/div>\n<div dir=\"auto\">Anmeldung:&nbsp;<span class=\"html-span xdj266r x11i5rnm xat24cr x1mh8g0r xexx8yu x4uap5 x18d9i69 xkhd6sd x1hl2dhg x16tdsg8 x1vvkbs\"><a class=\"x1i10hfl xjbqb8w x1ejq31n xd10rxx x1sy0etr x17r0tee x972fbf xcfux6l x1qhh985 xm0m39n x9f619 x1ypdohk xt0psk2 xe8uvvx xdj266r x11i5rnm xat24cr x1mh8g0r xexx8yu x4uap5 x18d9i69 xkhd6sd x16tdsg8 x1hl2dhg xggy1nq x1a2a7pz x1sur9pj xkrqix3 x1fey0fg x1s688f\" tabindex=\"0\" role=\"link\" href=\"https:\/\/forms.gle\/SoFtfSCfPKmPQu6q8?fbclid=IwZXh0bgNhZW0CMTAAAR1YEX4Ctmq_Jo_d48U9B6eROelisqmyI0JKRYP7LJg0EwojxsVI4_LcGbg_aem_fLH162_wRcY32sbYVPy2AQ\" target=\"_blank\" rel=\"nofollow noopener noreferrer\">https:\/\/forms.gle\/SoFtfSCfPKmPQu6q8<\/a><\/span><\/div>\n<\/div>\n<div class=\"x11i5rnm xat24cr x1mh8g0r x1vvkbs xtlvy1s\">\n<div dir=\"auto\">F\u00fcr R\u00fcckfragen sind wir \u00fcber PN oder die Mailadresse (kantonesischkurs@hkerinde.org) erreichbar.<\/div>\n<\/div>\n<\/div>\n<\/div>\n<div class=\"row\" style=\"padding-bottom: 42px;\">\n<div class=\"col-md-10 col-sm-4 col-xs-12 col-lg-10\">\n<h4 class=\"\">Vergangene Kurse<\/h4>\n<p class=\"\"><iframe loading=\"lazy\" style=\"border: none; overflow: hidden;\" src=\"https:\/\/www.facebook.com\/plugins\/post.php?href=https%3A%2F%2Fwww.facebook.com%2Fhkerinde%2Fposts%2Fpfbid02FYiwijjYV6KfKBVwyMHGVShMLRjKpWD3qwZtKW4HEkZJKjBA5ym3jKuENzoWDbWcl&amp;show_text=true&amp;width=500\" width=\"500\" height=\"693\" frameborder=\"0\" scrolling=\"no\" allowfullscreen=\"allowfullscreen\"><\/iframe><\/p>\n<p class=\"\"><iframe loading=\"lazy\" style=\"border: none; overflow: hidden;\" src=\"https:\/\/www.facebook.com\/plugins\/post.php?href=https%3A%2F%2Fwww.facebook.com%2Fhkerinde%2Fposts%2Fpfbid02r2acWTiiU2YnJmbnLR2UZEVaQDPcXGxfgryuMGTtKYecscTesPbMiEiMQupabN9Fl&amp;show_text=true&amp;width=500\" width=\"500\" height=\"632\" frameborder=\"0\" scrolling=\"no\" allowfullscreen=\"allowfullscreen\"><\/iframe><\/p>\n<p class=\"\"><iframe loading=\"lazy\" style=\"border: none; overflow: hidden;\" src=\"https:\/\/www.facebook.com\/plugins\/post.php?href=https%3A%2F%2Fwww.facebook.com%2Fhkerinde%2Fposts%2Fpfbid0zxnMx7CPAxnBsrRBku5obVHPUCaGHYSbHAsXpWtSSB4rNfsCMi8GgzEay7BUbLR8l&amp;show_text=true&amp;width=500\" width=\"500\" height=\"693\" frameborder=\"0\" scrolling=\"no\" allowfullscreen=\"allowfullscreen\"><\/iframe><\/p>\n<p class=\"\"><iframe loading=\"lazy\" style=\"border: none; overflow: hidden;\" src=\"https:\/\/www.facebook.com\/plugins\/post.php?href=https%3A%2F%2Fwww.facebook.com%2Fhkerinde%2Fposts%2Fpfbid02bPMvx3d1nbUbucwdE4NHeShfi5XQN6brwLWENhxusJq4s7mGCiAbguvVApUeEvvwl&amp;show_text=true&amp;width=500\" width=\"500\" height=\"712\" frameborder=\"0\" scrolling=\"no\" allowfullscreen=\"allowfullscreen\"><\/iframe><\/p>\n<div class=\"row\" style=\"padding-top: 20px; padding-bottom: 20px;\">\n<div class=\"col-md-8 col-xs-12 col-sm-8 text-center col-lg-8\">\n<p><iframe loading=\"lazy\" title=\"\u70ba\u4e86\u4f60 NurF\u00fcrDich -- \u4eba\u7269Personen\" width=\"780\" height=\"439\" src=\"https:\/\/www.youtube.com\/embed\/V4DlZozOfw4?feature=oembed\" frameborder=\"0\" allow=\"accelerometer; autoplay; clipboard-write; encrypted-media; gyroscope; picture-in-picture; web-share\" referrerpolicy=\"strict-origin-when-cross-origin\" allowfullscreen><\/iframe><\/p>\n<div class=\"row\" style=\"padding-top: 20px;\">\n<div class=\"col-md-6 col-xs-12 col-sm-6 col-lg-6\">\n<p><iframe loading=\"lazy\" title=\"\u70ba\u4e86\u4f60 NurF\u00fcrDich -- \u55dc\u597d Hobbys (1)\" width=\"391\" height=\"220\" src=\"https:\/\/www.youtube.com\/embed\/Y7IIVgMxYDM?start=1&#038;feature=oembed\" frameborder=\"0\" allow=\"accelerometer; autoplay; clipboard-write; encrypted-media; gyroscope; picture-in-picture; web-share\" referrerpolicy=\"strict-origin-when-cross-origin\" allowfullscreen><\/iframe><\/p>\n<\/div>\n<div class=\"col-md-6 col-xs-12 col-sm-6 col-lg-6\">\n<p><iframe loading=\"lazy\" title=\"\u70ba\u4e86\u4f60 NurF\u00fcrDich -- \u55dc\u597d Hobbys (2)\" width=\"391\" height=\"220\" src=\"https:\/\/www.youtube.com\/embed\/wBLedgLhLdQ?feature=oembed\" frameborder=\"0\" allow=\"accelerometer; autoplay; clipboard-write; encrypted-media; gyroscope; picture-in-picture; web-share\" referrerpolicy=\"strict-origin-when-cross-origin\" allowfullscreen><\/iframe><\/p>\n<\/div>\n<\/div>\n<div class=\"row\" style=\"padding-top: 20px;\">\n<div class=\"col-md-6 col-xs-12 col-sm-6 col-lg-6\">\n<p><iframe loading=\"lazy\" title=\"\u70ba\u4e86\u4f60 NurF\u00fcrDich -- \u5c4b\u4f01\u4eba Die Familie\" width=\"391\" height=\"220\" src=\"https:\/\/www.youtube.com\/embed\/oa5s_0otVMk?feature=oembed\" frameborder=\"0\" allow=\"accelerometer; autoplay; clipboard-write; encrypted-media; gyroscope; picture-in-picture; web-share\" referrerpolicy=\"strict-origin-when-cross-origin\" allowfullscreen><\/iframe><\/p>\n<\/div>\n<div class=\"col-md-6 col-xs-12 col-sm-6 col-lg-6\">\n<p><iframe loading=\"lazy\" title=\"\u70ba\u4e86\u4f60 NurF\u00fcrDich -- \u8077\u696d\uff08\u5e2b\uff09Berufe(1)\" width=\"391\" height=\"220\" src=\"https:\/\/www.youtube.com\/embed\/jYlcj7w3Ec4?start=3&#038;feature=oembed\" frameborder=\"0\" allow=\"accelerometer; autoplay; clipboard-write; encrypted-media; gyroscope; picture-in-picture; web-share\" referrerpolicy=\"strict-origin-when-cross-origin\" allowfullscreen><\/iframe><\/p>\n<\/div>\n<\/div>\n<div class=\"row\" style=\"padding-top: 20px;\">\n<div class=\"col-md-6 col-xs-12 col-sm-6 col-lg-6\">\n<p><iframe loading=\"lazy\" title=\"\u70ba\u4e86\u4f60 NurF\u00fcrDich -- \u8077\u696d\uff08\u5bb6\uff09Berufe(2)\" width=\"391\" height=\"220\" src=\"https:\/\/www.youtube.com\/embed\/HopStPW3De8?feature=oembed\" frameborder=\"0\" allow=\"accelerometer; autoplay; clipboard-write; encrypted-media; gyroscope; picture-in-picture; web-share\" referrerpolicy=\"strict-origin-when-cross-origin\" allowfullscreen><\/iframe><\/p>\n<\/div>\n<div class=\"col-md-6 col-xs-12 col-sm-6 col-lg-6\">\n<p><iframe loading=\"lazy\" title=\"\u70ba\u4e86\u4f60 NurF\u00fcrDich -- \u8077\u696d\uff08\u54e1\uff09Berufe(3)\" width=\"391\" height=\"220\" src=\"https:\/\/www.youtube.com\/embed\/Q22wNT9fiVU?feature=oembed\" frameborder=\"0\" allow=\"accelerometer; autoplay; clipboard-write; encrypted-media; gyroscope; picture-in-picture; web-share\" referrerpolicy=\"strict-origin-when-cross-origin\" allowfullscreen><\/iframe><\/p>\n<\/div>\n<\/div>\n<\/div>\n<div class=\"col-md-4 col-xs-12 col-sm-4 col-lg-4\">\n<p class=\"\"><strong>Kantonesisch (oder Deutsch) lernen<\/strong><\/p>\n<p class=\"\">&nbsp;<\/p>\n<p class=\"\">Wir haben Vokabeln auf Kantonesisch in Kategorien eingeteilt und diese Videos gemacht, um die Ausprache auch zu zeigen. Andererseits k\u00f6nnen die Kantonesisch Muttersprachler die deutsche W\u00f6rter lernen.<\/p>\n<\/div>\n<\/div>\n<\/div>\n<\/div>\n<div class=\"boldgrid-section\">\n<div class=\"container\">\n<div class=\"row\">\n<div class=\"col-md-12 col-xs-12 col-sm-12 col-lg-12\">\n<p class=\"\">&nbsp;<\/p>\n<\/div>\n<\/div>\n<\/div>\n<\/div>\n<\/div>\n<\/div>\n","protected":false},"excerpt":{"rendered":"<p>Kantonesischkurs Aktuelle Kurse \u65b0\u5e74\u5feb\u6a02 (san1 nin4 faai3 lok6)! Ab Februar bieten wir Kantonesischkurse f\u00fcr Erwachsene wieder an! Wenn ihr die Sprache der&nbsp;#Hongkonger&nbsp;und unsere Kultur kennen lernen wollt, meldet euch f\u00fcr unsere Onlinekurse an! Kantonesischkurs 1 (ohne&nbsp;Vorkenntnisse) Kursbeginn: 13. Februar 2025 Kursdauer: 8 Wochen, immer donnerstags Kurszeiten: 19.30 \u2013 21.00 Uhr Geb\u00fchren: 116 Euro* Kantonesischkurs 2 &#8230; <a title=\"Kantonesisch lernen\" class=\"read-more\" href=\"https:\/\/www.hongkonger-in-deutschland.org\/index.php\/kanton\/\" aria-label=\"Mehr Informationen \u00fcber Kantonesisch lernen\">Weiterlesen<\/a><\/p>\n","protected":false},"author":2,"featured_media":0,"parent":0,"menu_order":0,"comment_status":"closed","ping_status":"closed","template":"template\/page\/fullwidth.php","meta":{"ngg_post_thumbnail":0,"footnotes":""},"class_list":["post-539","page","type-page","status-publish"],"yoast_head":"<!-- This site is optimized with the Yoast SEO plugin v27.0 - https:\/\/yoast.com\/product\/yoast-seo-wordpress\/ -->\n<title>Kantonesisch lernen - Hongkonger in Deutschland e. V.<\/title>\n<meta name=\"robots\" content=\"index, follow, max-snippet:-1, max-image-preview:large, max-video-preview:-1\" \/>\n<link rel=\"canonical\" href=\"https:\/\/www.hongkonger-in-deutschland.org\/index.php\/kanton\/\" \/>\n<meta property=\"og:locale\" content=\"de_DE\" \/>\n<meta property=\"og:type\" content=\"article\" \/>\n<meta property=\"og:title\" content=\"Kantonesisch lernen - Hongkonger in Deutschland e. V.\" \/>\n<meta property=\"og:description\" content=\"Kantonesischkurs Aktuelle Kurse \u65b0\u5e74\u5feb\u6a02 (san1 nin4 faai3 lok6)! Ab Februar bieten wir Kantonesischkurse f\u00fcr Erwachsene wieder an! Wenn ihr die Sprache der&nbsp;#Hongkonger&nbsp;und unsere Kultur kennen lernen wollt, meldet euch f\u00fcr unsere Onlinekurse an! Kantonesischkurs 1 (ohne&nbsp;Vorkenntnisse) Kursbeginn: 13. Februar 2025 Kursdauer: 8 Wochen, immer donnerstags Kurszeiten: 19.30 \u2013 21.00 Uhr Geb\u00fchren: 116 Euro* Kantonesischkurs 2 ... Weiterlesen\" \/>\n<meta property=\"og:url\" content=\"https:\/\/www.hongkonger-in-deutschland.org\/index.php\/kanton\/\" \/>\n<meta property=\"og:site_name\" content=\"Hongkonger in Deutschland e. V.\" \/>\n<meta property=\"article:modified_time\" content=\"2025-02-18T09:22:35+00:00\" \/>\n<meta name=\"twitter:card\" content=\"summary_large_image\" \/>\n<meta name=\"twitter:label1\" content=\"Gesch\u00e4tzte Lesezeit\" \/>\n\t<meta name=\"twitter:data1\" content=\"1\u00a0Minute\" \/>\n<script type=\"application\/ld+json\" class=\"yoast-schema-graph\">{\"@context\":\"https:\/\/schema.org\",\"@graph\":[{\"@type\":\"WebPage\",\"@id\":\"https:\/\/www.hongkonger-in-deutschland.org\/index.php\/kanton\/\",\"url\":\"https:\/\/www.hongkonger-in-deutschland.org\/index.php\/kanton\/\",\"name\":\"Kantonesisch lernen - Hongkonger in Deutschland e. V.\",\"isPartOf\":{\"@id\":\"https:\/\/www.hongkonger-in-deutschland.org\/#website\"},\"datePublished\":\"2022-01-15T09:59:41+00:00\",\"dateModified\":\"2025-02-18T09:22:35+00:00\",\"breadcrumb\":{\"@id\":\"https:\/\/www.hongkonger-in-deutschland.org\/index.php\/kanton\/#breadcrumb\"},\"inLanguage\":\"de\",\"potentialAction\":[{\"@type\":\"ReadAction\",\"target\":[\"https:\/\/www.hongkonger-in-deutschland.org\/index.php\/kanton\/\"]}]},{\"@type\":\"BreadcrumbList\",\"@id\":\"https:\/\/www.hongkonger-in-deutschland.org\/index.php\/kanton\/#breadcrumb\",\"itemListElement\":[{\"@type\":\"ListItem\",\"position\":1,\"name\":\"Home\",\"item\":\"https:\/\/www.hongkonger-in-deutschland.org\/\"},{\"@type\":\"ListItem\",\"position\":2,\"name\":\"Kantonesisch lernen\"}]},{\"@type\":\"WebSite\",\"@id\":\"https:\/\/www.hongkonger-in-deutschland.org\/#website\",\"url\":\"https:\/\/www.hongkonger-in-deutschland.org\/\",\"name\":\"Hongkonger in Deutschland e. V.\",\"description\":\"A Bridge between Hong Kong and Germany\",\"publisher\":{\"@id\":\"https:\/\/www.hongkonger-in-deutschland.org\/#organization\"},\"potentialAction\":[{\"@type\":\"SearchAction\",\"target\":{\"@type\":\"EntryPoint\",\"urlTemplate\":\"https:\/\/www.hongkonger-in-deutschland.org\/?s={search_term_string}\"},\"query-input\":{\"@type\":\"PropertyValueSpecification\",\"valueRequired\":true,\"valueName\":\"search_term_string\"}}],\"inLanguage\":\"de\"},{\"@type\":\"Organization\",\"@id\":\"https:\/\/www.hongkonger-in-deutschland.org\/#organization\",\"name\":\"Hongkonger in Deutschland e. V.\",\"url\":\"https:\/\/www.hongkonger-in-deutschland.org\/\",\"logo\":{\"@type\":\"ImageObject\",\"inLanguage\":\"de\",\"@id\":\"https:\/\/www.hongkonger-in-deutschland.org\/#\/schema\/logo\/image\/\",\"url\":\"https:\/\/www.hongkonger-in-deutschland.org\/wp-content\/uploads\/2022\/01\/cropped-cropped-logo_no_text.png\",\"contentUrl\":\"https:\/\/www.hongkonger-in-deutschland.org\/wp-content\/uploads\/2022\/01\/cropped-cropped-logo_no_text.png\",\"width\":512,\"height\":512,\"caption\":\"Hongkonger in Deutschland e. V.\"},\"image\":{\"@id\":\"https:\/\/www.hongkonger-in-deutschland.org\/#\/schema\/logo\/image\/\"}}]}<\/script>\n<!-- \/ Yoast SEO plugin. -->","yoast_head_json":{"title":"Kantonesisch lernen - Hongkonger in Deutschland e. V.","robots":{"index":"index","follow":"follow","max-snippet":"max-snippet:-1","max-image-preview":"max-image-preview:large","max-video-preview":"max-video-preview:-1"},"canonical":"https:\/\/www.hongkonger-in-deutschland.org\/index.php\/kanton\/","og_locale":"de_DE","og_type":"article","og_title":"Kantonesisch lernen - Hongkonger in Deutschland e. V.","og_description":"Kantonesischkurs Aktuelle Kurse \u65b0\u5e74\u5feb\u6a02 (san1 nin4 faai3 lok6)! Ab Februar bieten wir Kantonesischkurse f\u00fcr Erwachsene wieder an! Wenn ihr die Sprache der&nbsp;#Hongkonger&nbsp;und unsere Kultur kennen lernen wollt, meldet euch f\u00fcr unsere Onlinekurse an! Kantonesischkurs 1 (ohne&nbsp;Vorkenntnisse) Kursbeginn: 13. Februar 2025 Kursdauer: 8 Wochen, immer donnerstags Kurszeiten: 19.30 \u2013 21.00 Uhr Geb\u00fchren: 116 Euro* Kantonesischkurs 2 ... Weiterlesen","og_url":"https:\/\/www.hongkonger-in-deutschland.org\/index.php\/kanton\/","og_site_name":"Hongkonger in Deutschland e. V.","article_modified_time":"2025-02-18T09:22:35+00:00","twitter_card":"summary_large_image","twitter_misc":{"Gesch\u00e4tzte Lesezeit":"1\u00a0Minute"},"schema":{"@context":"https:\/\/schema.org","@graph":[{"@type":"WebPage","@id":"https:\/\/www.hongkonger-in-deutschland.org\/index.php\/kanton\/","url":"https:\/\/www.hongkonger-in-deutschland.org\/index.php\/kanton\/","name":"Kantonesisch lernen - Hongkonger in Deutschland e. V.","isPartOf":{"@id":"https:\/\/www.hongkonger-in-deutschland.org\/#website"},"datePublished":"2022-01-15T09:59:41+00:00","dateModified":"2025-02-18T09:22:35+00:00","breadcrumb":{"@id":"https:\/\/www.hongkonger-in-deutschland.org\/index.php\/kanton\/#breadcrumb"},"inLanguage":"de","potentialAction":[{"@type":"ReadAction","target":["https:\/\/www.hongkonger-in-deutschland.org\/index.php\/kanton\/"]}]},{"@type":"BreadcrumbList","@id":"https:\/\/www.hongkonger-in-deutschland.org\/index.php\/kanton\/#breadcrumb","itemListElement":[{"@type":"ListItem","position":1,"name":"Home","item":"https:\/\/www.hongkonger-in-deutschland.org\/"},{"@type":"ListItem","position":2,"name":"Kantonesisch lernen"}]},{"@type":"WebSite","@id":"https:\/\/www.hongkonger-in-deutschland.org\/#website","url":"https:\/\/www.hongkonger-in-deutschland.org\/","name":"Hongkonger in Deutschland e. V.","description":"A Bridge between Hong Kong and Germany","publisher":{"@id":"https:\/\/www.hongkonger-in-deutschland.org\/#organization"},"potentialAction":[{"@type":"SearchAction","target":{"@type":"EntryPoint","urlTemplate":"https:\/\/www.hongkonger-in-deutschland.org\/?s={search_term_string}"},"query-input":{"@type":"PropertyValueSpecification","valueRequired":true,"valueName":"search_term_string"}}],"inLanguage":"de"},{"@type":"Organization","@id":"https:\/\/www.hongkonger-in-deutschland.org\/#organization","name":"Hongkonger in Deutschland e. V.","url":"https:\/\/www.hongkonger-in-deutschland.org\/","logo":{"@type":"ImageObject","inLanguage":"de","@id":"https:\/\/www.hongkonger-in-deutschland.org\/#\/schema\/logo\/image\/","url":"https:\/\/www.hongkonger-in-deutschland.org\/wp-content\/uploads\/2022\/01\/cropped-cropped-logo_no_text.png","contentUrl":"https:\/\/www.hongkonger-in-deutschland.org\/wp-content\/uploads\/2022\/01\/cropped-cropped-logo_no_text.png","width":512,"height":512,"caption":"Hongkonger in Deutschland e. V."},"image":{"@id":"https:\/\/www.hongkonger-in-deutschland.org\/#\/schema\/logo\/image\/"}}]}},"_links":{"self":[{"href":"https:\/\/www.hongkonger-in-deutschland.org\/index.php\/wp-json\/wp\/v2\/pages\/539","targetHints":{"allow":["GET"]}}],"collection":[{"href":"https:\/\/www.hongkonger-in-deutschland.org\/index.php\/wp-json\/wp\/v2\/pages"}],"about":[{"href":"https:\/\/www.hongkonger-in-deutschland.org\/index.php\/wp-json\/wp\/v2\/types\/page"}],"author":[{"embeddable":true,"href":"https:\/\/www.hongkonger-in-deutschland.org\/index.php\/wp-json\/wp\/v2\/users\/2"}],"replies":[{"embeddable":true,"href":"https:\/\/www.hongkonger-in-deutschland.org\/index.php\/wp-json\/wp\/v2\/comments?post=539"}],"version-history":[{"count":11,"href":"https:\/\/www.hongkonger-in-deutschland.org\/index.php\/wp-json\/wp\/v2\/pages\/539\/revisions"}],"predecessor-version":[{"id":1103,"href":"https:\/\/www.hongkonger-in-deutschland.org\/index.php\/wp-json\/wp\/v2\/pages\/539\/revisions\/1103"}],"wp:attachment":[{"href":"https:\/\/www.hongkonger-in-deutschland.org\/index.php\/wp-json\/wp\/v2\/media?parent=539"}],"curies":[{"name":"wp","href":"https:\/\/api.w.org\/{rel}","templated":true}]}}