{"id":122,"date":"2020-09-08T19:57:15","date_gmt":"2020-09-08T19:57:15","guid":{"rendered":"https:\/\/www.hongkonger-in-deutschland.org\/?page_id=122"},"modified":"2020-10-25T18:16:12","modified_gmt":"2020-10-25T18:16:12","slug":"ueber-uns","status":"publish","type":"page","link":"https:\/\/www.hongkonger-in-deutschland.org\/index.php\/ueber-uns\/","title":{"rendered":"\u00dcber Uns"},"content":{"rendered":"<div class=\"color-neutral-background-color color-neutral-text-contrast bg-background-color tmpl-blog-3 boldgrid-section dynamic-gridblock\">\n<div class=\"container\">\n<div class=\"row\">\n<div class=\"col-md-5 col-sm-5 col-xs-12 text-center align-column-center\">\n<p class=\"\" style=\"margin: 20px 0;\"><img loading=\"lazy\" decoding=\"async\" class=\"bg-img bg-img-bevel alignnone wp-image-46 size-medium\" src=\"https:\/\/www.hongkonger-in-deutschland.org\/wp-content\/uploads\/2020\/07\/84649846_119136926305704_9107562929527455744_o-300x225.jpg\" alt=\"\" width=\"300\" height=\"225\" srcset=\"https:\/\/www.hongkonger-in-deutschland.org\/wp-content\/uploads\/2020\/07\/84649846_119136926305704_9107562929527455744_o-300x225.jpg 300w, https:\/\/www.hongkonger-in-deutschland.org\/wp-content\/uploads\/2020\/07\/84649846_119136926305704_9107562929527455744_o-1024x768.jpg 1024w, https:\/\/www.hongkonger-in-deutschland.org\/wp-content\/uploads\/2020\/07\/84649846_119136926305704_9107562929527455744_o-768x576.jpg 768w, https:\/\/www.hongkonger-in-deutschland.org\/wp-content\/uploads\/2020\/07\/84649846_119136926305704_9107562929527455744_o-1536x1152.jpg 1536w, https:\/\/www.hongkonger-in-deutschland.org\/wp-content\/uploads\/2020\/07\/84649846_119136926305704_9107562929527455744_o.jpg 2048w\" sizes=\"auto, (max-width: 300px) 100vw, 300px\" \/><\/p>\n<\/div>\n<div class=\"col-md-7 col-sm-7 col-xs-12\">\n<p>&nbsp;<\/p>\n<div class=\"row bg-editor-hr-wrap\">\n<div class=\"col-md-12 col-xs-12 col-sm-12\">\n<div>\n<p>&nbsp;<\/p>\n<p>&nbsp;<\/p>\n<p><span style=\"font-weight: 400;\">Viele Jahre lang gab es keine Organisation f\u00fcr in Deutschland ans\u00e4ssige Hongkonger. Aufgrund der politischen Situation in Hongkong begann eine Gruppe von im Land lebenden Hongkongern im August 2019 mit der Vorbereitung zu dieser Organisation und gr\u00fcndete den eingetragenen Verein \u201eHongkonger in Deutschland\u201c im Oktober desselben Jahres.<\/span><\/p>\n<\/div>\n<\/div>\n<\/div>\n<p class=\"\">&nbsp;<\/p>\n<h2 class=\"\" style=\"color: #0d47a1;\"><b>Eine Plattform<\/b><\/h2>\n<p class=\"\">Als registrierte Organisation in Deutschland hoffen wir, den in Deutschland ans\u00e4ssigen Hongkongern eine Plattform zu bieten, auf der sie sich vernetzen und gegenseitige Unterst\u00fctzung anbieten k\u00f6nnen.<\/p>\n<p class=\"\">&nbsp;<\/p>\n<h2 class=\"\" style=\"color: #0d47a1;\"><b>Ein Knotenpunkt <\/b><\/h2>\n<p class=\"\">Diese Plattform zielt darauf ab, die Hongkonger hier zu verbinden und die wirtschaftliche und politische Situation unserer Heimatstadt im Auge zu behalten. Unsere Mitglieder k\u00f6nnen \u00fcber unser Netzwerk Informationen \u00fcber Hongkong und Deutschland sammeln und verbreiten, um die Plattform zu einem Informationszentrum f\u00fcr Hongkonger zu machen.<\/p>\n<p class=\"\">&nbsp;<\/p>\n<h2 class=\"\" style=\"color: #0d47a1;\"><strong>Ein Moderator<\/strong><\/h2>\n<p class=\"\">Als ein gemeinn\u00fctziger Verein helfen wir unseren Mitgliedern in ganz Deutschland bei der Organisation von Aktivit\u00e4ten, die Hongkonger und Deutsche zusammenbringen und die Hongkonger Kultur bekannt machen sollen. Auf diese Weise bekommen sie Zugang zur aktuellen Situation in Hongkong und k\u00f6nnen die Bedingungen dort besser verstehen.<\/p>\n<p class=\"\">&nbsp;<\/p>\n<h2 class=\"\" style=\"color: #0d47a1;\"><strong>Unsere Kultur<\/strong><\/h2>\n<p class=\"\">Die Hongkonger Kultur ist einzigartig und wir sehen es stolz als unsere Pflicht, unser kulturelles Erbe an ein freies und demokratisches Land, wie Deutschland, weiterzugeben.<\/p>\n<p>&nbsp;<\/p>\n<\/div>\n<\/div>\n<\/div>\n<\/div>\n<div class=\"boldgrid-section\">\n<div class=\"container\">\n<div class=\"row\">\n<div class=\"col-md-12 col-xs-12 col-sm-12\">\n<h1 class=\"\">&nbsp;<\/h1>\n<\/div>\n<\/div>\n<\/div>\n<\/div>\n","protected":false},"excerpt":{"rendered":"<p>&nbsp; &nbsp; &nbsp; Viele Jahre lang gab es keine Organisation f\u00fcr in Deutschland ans\u00e4ssige Hongkonger. Aufgrund der politischen Situation in Hongkong begann eine Gruppe von im Land lebenden Hongkongern im August 2019 mit der Vorbereitung zu dieser Organisation und gr\u00fcndete den eingetragenen Verein \u201eHongkonger in Deutschland\u201c im Oktober desselben Jahres. &nbsp; Eine Plattform Als registrierte &#8230; <a title=\"\u00dcber Uns\" class=\"read-more\" href=\"https:\/\/www.hongkonger-in-deutschland.org\/index.php\/ueber-uns\/\" aria-label=\"Mehr Informationen \u00fcber \u00dcber Uns\">Weiterlesen<\/a><\/p>\n","protected":false},"author":2,"featured_media":0,"parent":0,"menu_order":0,"comment_status":"closed","ping_status":"closed","template":"template\/page\/fullwidth.php","meta":{"ngg_post_thumbnail":0,"footnotes":""},"class_list":["post-122","page","type-page","status-publish"],"yoast_head":"<!-- This site is optimized with the Yoast SEO plugin v27.0 - https:\/\/yoast.com\/product\/yoast-seo-wordpress\/ -->\n<title>\u00dcber Uns - Hongkonger in Deutschland e. V.<\/title>\n<meta name=\"robots\" content=\"index, follow, max-snippet:-1, max-image-preview:large, max-video-preview:-1\" \/>\n<link rel=\"canonical\" href=\"https:\/\/www.hongkonger-in-deutschland.org\/index.php\/ueber-uns\/\" \/>\n<meta property=\"og:locale\" content=\"de_DE\" \/>\n<meta property=\"og:type\" content=\"article\" \/>\n<meta property=\"og:title\" content=\"\u00dcber Uns - Hongkonger in Deutschland e. V.\" \/>\n<meta property=\"og:description\" content=\"&nbsp; &nbsp; &nbsp; Viele Jahre lang gab es keine Organisation f\u00fcr in Deutschland ans\u00e4ssige Hongkonger. Aufgrund der politischen Situation in Hongkong begann eine Gruppe von im Land lebenden Hongkongern im August 2019 mit der Vorbereitung zu dieser Organisation und gr\u00fcndete den eingetragenen Verein \u201eHongkonger in Deutschland\u201c im Oktober desselben Jahres. &nbsp; Eine Plattform Als registrierte ... Weiterlesen\" \/>\n<meta property=\"og:url\" content=\"https:\/\/www.hongkonger-in-deutschland.org\/index.php\/ueber-uns\/\" \/>\n<meta property=\"og:site_name\" content=\"Hongkonger in Deutschland e. V.\" \/>\n<meta property=\"article:modified_time\" content=\"2020-10-25T18:16:12+00:00\" \/>\n<meta property=\"og:image\" content=\"https:\/\/www.hongkonger-in-deutschland.org\/wp-content\/uploads\/2020\/07\/84649846_119136926305704_9107562929527455744_o-300x225.jpg\" \/>\n<meta name=\"twitter:card\" content=\"summary_large_image\" \/>\n<meta name=\"twitter:label1\" content=\"Gesch\u00e4tzte Lesezeit\" \/>\n\t<meta name=\"twitter:data1\" content=\"1\u00a0Minute\" \/>\n<script type=\"application\/ld+json\" class=\"yoast-schema-graph\">{\"@context\":\"https:\/\/schema.org\",\"@graph\":[{\"@type\":\"WebPage\",\"@id\":\"https:\/\/www.hongkonger-in-deutschland.org\/index.php\/ueber-uns\/\",\"url\":\"https:\/\/www.hongkonger-in-deutschland.org\/index.php\/ueber-uns\/\",\"name\":\"\u00dcber Uns - Hongkonger in Deutschland e. V.\",\"isPartOf\":{\"@id\":\"https:\/\/www.hongkonger-in-deutschland.org\/#website\"},\"primaryImageOfPage\":{\"@id\":\"https:\/\/www.hongkonger-in-deutschland.org\/index.php\/ueber-uns\/#primaryimage\"},\"image\":{\"@id\":\"https:\/\/www.hongkonger-in-deutschland.org\/index.php\/ueber-uns\/#primaryimage\"},\"thumbnailUrl\":\"https:\/\/www.hongkonger-in-deutschland.org\/wp-content\/uploads\/2020\/07\/84649846_119136926305704_9107562929527455744_o-300x225.jpg\",\"datePublished\":\"2020-09-08T19:57:15+00:00\",\"dateModified\":\"2020-10-25T18:16:12+00:00\",\"breadcrumb\":{\"@id\":\"https:\/\/www.hongkonger-in-deutschland.org\/index.php\/ueber-uns\/#breadcrumb\"},\"inLanguage\":\"de\",\"potentialAction\":[{\"@type\":\"ReadAction\",\"target\":[\"https:\/\/www.hongkonger-in-deutschland.org\/index.php\/ueber-uns\/\"]}]},{\"@type\":\"ImageObject\",\"inLanguage\":\"de\",\"@id\":\"https:\/\/www.hongkonger-in-deutschland.org\/index.php\/ueber-uns\/#primaryimage\",\"url\":\"https:\/\/www.hongkonger-in-deutschland.org\/wp-content\/uploads\/2020\/07\/84649846_119136926305704_9107562929527455744_o.jpg\",\"contentUrl\":\"https:\/\/www.hongkonger-in-deutschland.org\/wp-content\/uploads\/2020\/07\/84649846_119136926305704_9107562929527455744_o.jpg\",\"width\":2048,\"height\":1536},{\"@type\":\"BreadcrumbList\",\"@id\":\"https:\/\/www.hongkonger-in-deutschland.org\/index.php\/ueber-uns\/#breadcrumb\",\"itemListElement\":[{\"@type\":\"ListItem\",\"position\":1,\"name\":\"Home\",\"item\":\"https:\/\/www.hongkonger-in-deutschland.org\/\"},{\"@type\":\"ListItem\",\"position\":2,\"name\":\"\u00dcber Uns\"}]},{\"@type\":\"WebSite\",\"@id\":\"https:\/\/www.hongkonger-in-deutschland.org\/#website\",\"url\":\"https:\/\/www.hongkonger-in-deutschland.org\/\",\"name\":\"Hongkonger in Deutschland e. V.\",\"description\":\"A Bridge between Hong Kong and Germany\",\"publisher\":{\"@id\":\"https:\/\/www.hongkonger-in-deutschland.org\/#organization\"},\"potentialAction\":[{\"@type\":\"SearchAction\",\"target\":{\"@type\":\"EntryPoint\",\"urlTemplate\":\"https:\/\/www.hongkonger-in-deutschland.org\/?s={search_term_string}\"},\"query-input\":{\"@type\":\"PropertyValueSpecification\",\"valueRequired\":true,\"valueName\":\"search_term_string\"}}],\"inLanguage\":\"de\"},{\"@type\":\"Organization\",\"@id\":\"https:\/\/www.hongkonger-in-deutschland.org\/#organization\",\"name\":\"Hongkonger in Deutschland e. V.\",\"url\":\"https:\/\/www.hongkonger-in-deutschland.org\/\",\"logo\":{\"@type\":\"ImageObject\",\"inLanguage\":\"de\",\"@id\":\"https:\/\/www.hongkonger-in-deutschland.org\/#\/schema\/logo\/image\/\",\"url\":\"https:\/\/www.hongkonger-in-deutschland.org\/wp-content\/uploads\/2022\/01\/cropped-cropped-logo_no_text.png\",\"contentUrl\":\"https:\/\/www.hongkonger-in-deutschland.org\/wp-content\/uploads\/2022\/01\/cropped-cropped-logo_no_text.png\",\"width\":512,\"height\":512,\"caption\":\"Hongkonger in Deutschland e. V.\"},\"image\":{\"@id\":\"https:\/\/www.hongkonger-in-deutschland.org\/#\/schema\/logo\/image\/\"}}]}<\/script>\n<!-- \/ Yoast SEO plugin. -->","yoast_head_json":{"title":"\u00dcber Uns - Hongkonger in Deutschland e. V.","robots":{"index":"index","follow":"follow","max-snippet":"max-snippet:-1","max-image-preview":"max-image-preview:large","max-video-preview":"max-video-preview:-1"},"canonical":"https:\/\/www.hongkonger-in-deutschland.org\/index.php\/ueber-uns\/","og_locale":"de_DE","og_type":"article","og_title":"\u00dcber Uns - Hongkonger in Deutschland e. V.","og_description":"&nbsp; &nbsp; &nbsp; Viele Jahre lang gab es keine Organisation f\u00fcr in Deutschland ans\u00e4ssige Hongkonger. Aufgrund der politischen Situation in Hongkong begann eine Gruppe von im Land lebenden Hongkongern im August 2019 mit der Vorbereitung zu dieser Organisation und gr\u00fcndete den eingetragenen Verein \u201eHongkonger in Deutschland\u201c im Oktober desselben Jahres. &nbsp; Eine Plattform Als registrierte ... Weiterlesen","og_url":"https:\/\/www.hongkonger-in-deutschland.org\/index.php\/ueber-uns\/","og_site_name":"Hongkonger in Deutschland e. V.","article_modified_time":"2020-10-25T18:16:12+00:00","og_image":[{"url":"https:\/\/www.hongkonger-in-deutschland.org\/wp-content\/uploads\/2020\/07\/84649846_119136926305704_9107562929527455744_o-300x225.jpg","type":"","width":"","height":""}],"twitter_card":"summary_large_image","twitter_misc":{"Gesch\u00e4tzte Lesezeit":"1\u00a0Minute"},"schema":{"@context":"https:\/\/schema.org","@graph":[{"@type":"WebPage","@id":"https:\/\/www.hongkonger-in-deutschland.org\/index.php\/ueber-uns\/","url":"https:\/\/www.hongkonger-in-deutschland.org\/index.php\/ueber-uns\/","name":"\u00dcber Uns - Hongkonger in Deutschland e. V.","isPartOf":{"@id":"https:\/\/www.hongkonger-in-deutschland.org\/#website"},"primaryImageOfPage":{"@id":"https:\/\/www.hongkonger-in-deutschland.org\/index.php\/ueber-uns\/#primaryimage"},"image":{"@id":"https:\/\/www.hongkonger-in-deutschland.org\/index.php\/ueber-uns\/#primaryimage"},"thumbnailUrl":"https:\/\/www.hongkonger-in-deutschland.org\/wp-content\/uploads\/2020\/07\/84649846_119136926305704_9107562929527455744_o-300x225.jpg","datePublished":"2020-09-08T19:57:15+00:00","dateModified":"2020-10-25T18:16:12+00:00","breadcrumb":{"@id":"https:\/\/www.hongkonger-in-deutschland.org\/index.php\/ueber-uns\/#breadcrumb"},"inLanguage":"de","potentialAction":[{"@type":"ReadAction","target":["https:\/\/www.hongkonger-in-deutschland.org\/index.php\/ueber-uns\/"]}]},{"@type":"ImageObject","inLanguage":"de","@id":"https:\/\/www.hongkonger-in-deutschland.org\/index.php\/ueber-uns\/#primaryimage","url":"https:\/\/www.hongkonger-in-deutschland.org\/wp-content\/uploads\/2020\/07\/84649846_119136926305704_9107562929527455744_o.jpg","contentUrl":"https:\/\/www.hongkonger-in-deutschland.org\/wp-content\/uploads\/2020\/07\/84649846_119136926305704_9107562929527455744_o.jpg","width":2048,"height":1536},{"@type":"BreadcrumbList","@id":"https:\/\/www.hongkonger-in-deutschland.org\/index.php\/ueber-uns\/#breadcrumb","itemListElement":[{"@type":"ListItem","position":1,"name":"Home","item":"https:\/\/www.hongkonger-in-deutschland.org\/"},{"@type":"ListItem","position":2,"name":"\u00dcber Uns"}]},{"@type":"WebSite","@id":"https:\/\/www.hongkonger-in-deutschland.org\/#website","url":"https:\/\/www.hongkonger-in-deutschland.org\/","name":"Hongkonger in Deutschland e. V.","description":"A Bridge between Hong Kong and Germany","publisher":{"@id":"https:\/\/www.hongkonger-in-deutschland.org\/#organization"},"potentialAction":[{"@type":"SearchAction","target":{"@type":"EntryPoint","urlTemplate":"https:\/\/www.hongkonger-in-deutschland.org\/?s={search_term_string}"},"query-input":{"@type":"PropertyValueSpecification","valueRequired":true,"valueName":"search_term_string"}}],"inLanguage":"de"},{"@type":"Organization","@id":"https:\/\/www.hongkonger-in-deutschland.org\/#organization","name":"Hongkonger in Deutschland e. V.","url":"https:\/\/www.hongkonger-in-deutschland.org\/","logo":{"@type":"ImageObject","inLanguage":"de","@id":"https:\/\/www.hongkonger-in-deutschland.org\/#\/schema\/logo\/image\/","url":"https:\/\/www.hongkonger-in-deutschland.org\/wp-content\/uploads\/2022\/01\/cropped-cropped-logo_no_text.png","contentUrl":"https:\/\/www.hongkonger-in-deutschland.org\/wp-content\/uploads\/2022\/01\/cropped-cropped-logo_no_text.png","width":512,"height":512,"caption":"Hongkonger in Deutschland e. V."},"image":{"@id":"https:\/\/www.hongkonger-in-deutschland.org\/#\/schema\/logo\/image\/"}}]}},"_links":{"self":[{"href":"https:\/\/www.hongkonger-in-deutschland.org\/index.php\/wp-json\/wp\/v2\/pages\/122","targetHints":{"allow":["GET"]}}],"collection":[{"href":"https:\/\/www.hongkonger-in-deutschland.org\/index.php\/wp-json\/wp\/v2\/pages"}],"about":[{"href":"https:\/\/www.hongkonger-in-deutschland.org\/index.php\/wp-json\/wp\/v2\/types\/page"}],"author":[{"embeddable":true,"href":"https:\/\/www.hongkonger-in-deutschland.org\/index.php\/wp-json\/wp\/v2\/users\/2"}],"replies":[{"embeddable":true,"href":"https:\/\/www.hongkonger-in-deutschland.org\/index.php\/wp-json\/wp\/v2\/comments?post=122"}],"version-history":[{"count":8,"href":"https:\/\/www.hongkonger-in-deutschland.org\/index.php\/wp-json\/wp\/v2\/pages\/122\/revisions"}],"predecessor-version":[{"id":275,"href":"https:\/\/www.hongkonger-in-deutschland.org\/index.php\/wp-json\/wp\/v2\/pages\/122\/revisions\/275"}],"wp:attachment":[{"href":"https:\/\/www.hongkonger-in-deutschland.org\/index.php\/wp-json\/wp\/v2\/media?parent=122"}],"curies":[{"name":"wp","href":"https:\/\/api.w.org\/{rel}","templated":true}]}}